{"id":41962,"date":"2025-06-12T09:45:21","date_gmt":"2025-06-12T09:45:21","guid":{"rendered":"https:\/\/seadek-europe.com\/one-design\/"},"modified":"2026-01-13T14:06:19","modified_gmt":"2026-01-13T14:06:19","slug":"one-design","status":"publish","type":"page","link":"https:\/\/seadek-europe.com\/en\/one-design\/","title":{"rendered":"One Design"},"content":{"rendered":"\t\t<div data-elementor-type=\"wp-page\" data-elementor-id=\"41962\" class=\"elementor elementor-41962 elementor-41073\" data-elementor-post-type=\"page\">\n\t\t\t\t<div class=\"elementor-element elementor-element-b9370ab e-con-full e-flex e-con e-parent\" data-id=\"b9370ab\" data-element_type=\"container\" data-e-type=\"container\" data-settings=\"{&quot;background_background&quot;:&quot;classic&quot;}\">\n\t\t\t\t<div class=\"elementor-element elementor-element-3df125d bullets-fill-in elementor-widget-the7-slider-common owl-carousel elementor-widget-loop-the7-slider elementor-widget elementor-widget-the7-slider\" data-id=\"3df125d\" data-element_type=\"widget\" data-e-type=\"widget\" data-settings=\"{&quot;transition&quot;:&quot;fade&quot;,&quot;transition_speed&quot;:300,&quot;infinite&quot;:&quot;yes&quot;,&quot;autoplay&quot;:&quot;yes&quot;,&quot;pause_on_hover&quot;:&quot;yes&quot;,&quot;autoplay_speed&quot;:5000,&quot;arrows&quot;:&quot;always&quot;,&quot;bullets&quot;:&quot;show&quot;}\" data-widget_type=\"the7-slider.default\">\n\t\t\t\t<div class=\"elementor-widget-container\">\n\t\t\t\t\t        <div class=\"elementor-swiper\">\n            <div class=\"elementor-slides-wrapper elementor-main-swiper swiper swiper-container\">\n                <div class=\"swiper-wrapper the7-elementor-slides\">\n\t\t\t\t\t            <div class=\"elementor-repeater-item-e8e1557 the7-swiper-slide\">\n                <div class=\"the7-swiper-slide-inner\">\n\t\t\t\t\t        <div data-elementor-type=\"the7-slider\" data-elementor-id=\"43368\" class=\"elementor elementor-43368 elementor-43366 elementor-43366 the7-slide-content\" data-elementor-post-type=\"elementor_library\">\n            <div class=\"elementor-section-wrap\">\n\t\t\t\t<div class=\"elementor-element elementor-element-b84145e e-flex e-con-boxed e-con e-parent\" data-id=\"b84145e\" data-element_type=\"container\" data-e-type=\"container\">\n\t\t\t\t\t<div class=\"e-con-inner\">\n\t\t<div class=\"elementor-element elementor-element-859b7d1 e-con-full e-flex e-con e-child\" data-id=\"859b7d1\" data-element_type=\"container\" data-e-type=\"container\">\n\t\t\t\t<div class=\"elementor-element elementor-element-080e5e6 elementor-widget-widescreen__width-initial animated-slow elementor-invisible elementor-widget elementor-widget-the7-heading\" data-id=\"080e5e6\" data-element_type=\"widget\" data-e-type=\"widget\" data-settings=\"{&quot;_animation&quot;:&quot;fadeIn&quot;}\" data-widget_type=\"the7-heading.default\">\n\t\t\t\t<div class=\"elementor-widget-container\">\n\t\t\t\t\t<h1 class=\"the7-heading-title elementor-size-default\">SeaDek\u00ae one Design Kits<\/h1>\t\t\t\t<\/div>\n\t\t\t\t<\/div>\n\t\t\t\t<div class=\"elementor-element elementor-element-99026ac elementor-widget elementor-widget-text-editor\" data-id=\"99026ac\" data-element_type=\"widget\" data-e-type=\"widget\" data-widget_type=\"text-editor.default\">\n\t\t\t\t<div class=\"elementor-widget-container\">\n\t\t\t\t\t\t\t\t\t<p>See the list of One Design classes below, or contact us to learn how we can create custom solutions for your boat.<\/p>\t\t\t\t\t\t\t\t<\/div>\n\t\t\t\t<\/div>\n\t\t\t\t<\/div>\n\t\t\t\t\t<\/div>\n\t\t\t\t<\/div>\n\t\t            <\/div>\n        <\/div>\n\t\t                <\/div>\n            <\/div>\n\t\t\t                <\/div>\n\t\t\t\t\t<div class=\"swiper-pagination owl-dots bullets-fill-in\"><\/div>        <div class=\"the7-swiper-button the7-swiper-button-prev elementor-icon\">\n\t\t\t        <\/div>\n        <div class=\"the7-swiper-button the7-swiper-button-next elementor-icon\">\n\t\t\t        <\/div>\n\t\t            <\/div>\n        <\/div>\n\t\t\t\t\t\t<\/div>\n\t\t\t\t<\/div>\n\t\t\t\t<\/div>\n\t\t<div class=\"elementor-element elementor-element-62917a9 e-con-full e-flex e-con e-parent\" data-id=\"62917a9\" data-element_type=\"container\" data-e-type=\"container\">\n\t\t<div class=\"elementor-element elementor-element-8039e8d e-flex e-con-boxed e-con e-child\" data-id=\"8039e8d\" data-element_type=\"container\" data-e-type=\"container\" id=\"seadek-flatfenders\">\n\t\t\t\t\t<div class=\"e-con-inner\">\n\t\t<div class=\"elementor-element elementor-element-8b01bad e-flex e-con-boxed e-con e-child\" data-id=\"8b01bad\" data-element_type=\"container\" data-e-type=\"container\">\n\t\t\t\t\t<div class=\"e-con-inner\">\n\t\t\t\t<div class=\"elementor-element elementor-element-23b4044 elementor-widget-tablet__width-inherit elementor-widget elementor-widget-text-editor\" data-id=\"23b4044\" data-element_type=\"widget\" data-e-type=\"widget\" data-widget_type=\"text-editor.default\">\n\t\t\t\t<div class=\"elementor-widget-container\">\n\t\t\t\t\t\t\t\t\t<p>Specially designed for you<\/p>\t\t\t\t\t\t\t\t<\/div>\n\t\t\t\t<\/div>\n\t\t\t\t<div class=\"elementor-element elementor-element-daca81f elementor-widget elementor-widget-text-editor\" data-id=\"daca81f\" data-element_type=\"widget\" data-e-type=\"widget\" data-widget_type=\"text-editor.default\">\n\t\t\t\t<div class=\"elementor-widget-container\">\n\t\t\t\t\t\t\t\t\t<p data-start=\"191\" data-end=\"405\">Improve grip, comfort, and aesthetics with our EVA foam protection systems, prepared to withstand the most demanding conditions in training and regattas.<\/p>\t\t\t\t\t\t\t\t<\/div>\n\t\t\t\t<\/div>\n\t\t\t\t\t<\/div>\n\t\t\t\t<\/div>\n\t\t<div class=\"elementor-element elementor-element-a22d801 e-grid e-con-full e-con e-child\" data-id=\"a22d801\" data-element_type=\"container\" data-e-type=\"container\">\n\t\t<div class=\"elementor-element elementor-element-411db78 e-con-full e-flex e-con e-child\" data-id=\"411db78\" data-element_type=\"container\" data-e-type=\"container\" data-settings=\"{&quot;background_background&quot;:&quot;classic&quot;}\">\n\t\t<div class=\"elementor-element elementor-element-8006d38 e-con-full e-flex e-con e-child\" data-id=\"8006d38\" data-element_type=\"container\" data-e-type=\"container\">\n\t\t\t\t<div class=\"elementor-element elementor-element-36e8af6 elementor-widget elementor-widget-the7-heading\" data-id=\"36e8af6\" data-element_type=\"widget\" data-e-type=\"widget\" data-widget_type=\"the7-heading.default\">\n\t\t\t\t<div class=\"elementor-widget-container\">\n\t\t\t\t\t<h3 class=\"the7-heading-title elementor-size-default\">Specific Design for each Model<\/h3>\t\t\t\t<\/div>\n\t\t\t\t<\/div>\n\t\t\t\t<div class=\"elementor-element elementor-element-075aef6 elementor-widget elementor-widget-text-editor\" data-id=\"075aef6\" data-element_type=\"widget\" data-e-type=\"widget\" data-widget_type=\"text-editor.default\">\n\t\t\t\t<div class=\"elementor-widget-container\">\n\t\t\t\t\t\t\t\t\t<p>From Optimist and 420 to J\/70 or Melges: each kit is adapted to the dimensions and needs of each class.<\/p>\t\t\t\t\t\t\t\t<\/div>\n\t\t\t\t<\/div>\n\t\t\t\t<\/div>\n\t\t\t\t<\/div>\n\t\t<div class=\"elementor-element elementor-element-9b30995 e-con-full e-flex e-con e-child\" data-id=\"9b30995\" data-element_type=\"container\" data-e-type=\"container\" data-settings=\"{&quot;background_background&quot;:&quot;classic&quot;}\">\n\t\t<div class=\"elementor-element elementor-element-b8731e6 e-con-full e-flex e-con e-child\" data-id=\"b8731e6\" data-element_type=\"container\" data-e-type=\"container\">\n\t\t\t\t<div class=\"elementor-element elementor-element-9828186 elementor-widget elementor-widget-the7-heading\" data-id=\"9828186\" data-element_type=\"widget\" data-e-type=\"widget\" data-widget_type=\"the7-heading.default\">\n\t\t\t\t<div class=\"elementor-widget-container\">\n\t\t\t\t\t<h3 class=\"the7-heading-title elementor-size-default\">Superior Traction<\/h3>\t\t\t\t<\/div>\n\t\t\t\t<\/div>\n\t\t\t\t<div class=\"elementor-element elementor-element-4a6f86d elementor-widget elementor-widget-text-editor\" data-id=\"4a6f86d\" data-element_type=\"widget\" data-e-type=\"widget\" data-widget_type=\"text-editor.default\">\n\t\t\t\t<div class=\"elementor-widget-container\">\n\t\t\t\t\t\t\t\t\t<p>Closed-cell EVA foam with <strong data-start=\"938\" data-end=\"949\">brushed<\/strong> or <strong data-start=\"952\" data-end=\"974\">embossed hexagonal<\/strong> finish on both sides for a firm grip at all times, even when wet.<\/p>\t\t\t\t\t\t\t\t<\/div>\n\t\t\t\t<\/div>\n\t\t\t\t<\/div>\n\t\t\t\t<\/div>\n\t\t<div class=\"elementor-element elementor-element-2268cfe e-con-full e-flex e-con e-child\" data-id=\"2268cfe\" data-element_type=\"container\" data-e-type=\"container\" data-settings=\"{&quot;background_background&quot;:&quot;classic&quot;}\">\n\t\t<div class=\"elementor-element elementor-element-de4b769 e-con-full e-flex e-con e-child\" data-id=\"de4b769\" data-element_type=\"container\" data-e-type=\"container\">\n\t\t\t\t<div class=\"elementor-element elementor-element-6a3c680 elementor-widget elementor-widget-the7-heading\" data-id=\"6a3c680\" data-element_type=\"widget\" data-e-type=\"widget\" data-widget_type=\"the7-heading.default\">\n\t\t\t\t<div class=\"elementor-widget-container\">\n\t\t\t\t\t<h3 class=\"the7-heading-title elementor-size-default\">Insulating and Cushioning<\/h3>\t\t\t\t<\/div>\n\t\t\t\t<\/div>\n\t\t\t\t<div class=\"elementor-element elementor-element-abfc7c3 elementor-widget elementor-widget-text-editor\" data-id=\"abfc7c3\" data-element_type=\"widget\" data-e-type=\"widget\" data-widget_type=\"text-editor.default\">\n\t\t\t\t<div class=\"elementor-widget-container\">\n\t\t\t\t\t\t\t\t\t<p>Reduces the impact on knees, back, and feet during long days on the water.<\/p>\t\t\t\t\t\t\t\t<\/div>\n\t\t\t\t<\/div>\n\t\t\t\t<\/div>\n\t\t\t\t<\/div>\n\t\t\t\t<\/div>\n\t\t<div class=\"elementor-element elementor-element-8e23103 e-grid e-con-full e-con e-child\" data-id=\"8e23103\" data-element_type=\"container\" data-e-type=\"container\">\n\t\t<div class=\"elementor-element elementor-element-ddbd751 e-con-full e-flex e-con e-child\" data-id=\"ddbd751\" data-element_type=\"container\" data-e-type=\"container\" data-settings=\"{&quot;background_background&quot;:&quot;classic&quot;}\">\n\t\t<div class=\"elementor-element elementor-element-338aeec e-con-full e-flex e-con e-child\" data-id=\"338aeec\" data-element_type=\"container\" data-e-type=\"container\">\n\t\t\t\t<div class=\"elementor-element elementor-element-afbeca8 elementor-widget elementor-widget-the7-heading\" data-id=\"afbeca8\" data-element_type=\"widget\" data-e-type=\"widget\" data-widget_type=\"the7-heading.default\">\n\t\t\t\t<div class=\"elementor-widget-container\">\n\t\t\t\t\t<h3 class=\"the7-heading-title elementor-size-default\">Durable and Resistant<\/h3>\t\t\t\t<\/div>\n\t\t\t\t<\/div>\n\t\t\t\t<div class=\"elementor-element elementor-element-781c6bc elementor-widget elementor-widget-text-editor\" data-id=\"781c6bc\" data-element_type=\"widget\" data-e-type=\"widget\" data-widget_type=\"text-editor.default\">\n\t\t\t\t<div class=\"elementor-widget-container\">\n\t\t\t\t\t\t\t\t\t<p data-start=\"1161\" data-end=\"1293\">UV treatment and salt water resistance. Does not crack, peel, or fade with intensive use. <\/p>\t\t\t\t\t\t\t\t<\/div>\n\t\t\t\t<\/div>\n\t\t\t\t<\/div>\n\t\t\t\t<\/div>\n\t\t<div class=\"elementor-element elementor-element-5050410 e-con-full e-flex e-con e-child\" data-id=\"5050410\" data-element_type=\"container\" data-e-type=\"container\" data-settings=\"{&quot;background_background&quot;:&quot;classic&quot;}\">\n\t\t<div class=\"elementor-element elementor-element-ed18c18 e-con-full e-flex e-con e-child\" data-id=\"ed18c18\" data-element_type=\"container\" data-e-type=\"container\">\n\t\t\t\t<div class=\"elementor-element elementor-element-9e03744 elementor-widget elementor-widget-the7-heading\" data-id=\"9e03744\" data-element_type=\"widget\" data-e-type=\"widget\" data-widget_type=\"the7-heading.default\">\n\t\t\t\t<div class=\"elementor-widget-container\">\n\t\t\t\t\t<h3 class=\"the7-heading-title elementor-size-default\">Lightweight and Functional<\/h3>\t\t\t\t<\/div>\n\t\t\t\t<\/div>\n\t\t\t\t<div class=\"elementor-element elementor-element-5ab4ee5 elementor-widget elementor-widget-text-editor\" data-id=\"5ab4ee5\" data-element_type=\"widget\" data-e-type=\"widget\" data-widget_type=\"text-editor.default\">\n\t\t\t\t<div class=\"elementor-widget-container\">\n\t\t\t\t\t\t\t\t\t<p>Ultra-lightweight design that does not compromise the speed or weight of your boat.<\/p>\t\t\t\t\t\t\t\t<\/div>\n\t\t\t\t<\/div>\n\t\t\t\t<\/div>\n\t\t\t\t<\/div>\n\t\t<div class=\"elementor-element elementor-element-2a34bbd e-con-full e-flex e-con e-child\" data-id=\"2a34bbd\" data-element_type=\"container\" data-e-type=\"container\" data-settings=\"{&quot;background_background&quot;:&quot;classic&quot;}\">\n\t\t<div class=\"elementor-element elementor-element-6b0c6a3 e-con-full e-flex e-con e-child\" data-id=\"6b0c6a3\" data-element_type=\"container\" data-e-type=\"container\">\n\t\t\t\t<div class=\"elementor-element elementor-element-fb8da37 elementor-widget elementor-widget-the7-heading\" data-id=\"fb8da37\" data-element_type=\"widget\" data-e-type=\"widget\" data-widget_type=\"the7-heading.default\">\n\t\t\t\t<div class=\"elementor-widget-container\">\n\t\t\t\t\t<h3 class=\"the7-heading-title elementor-size-default\">Customizable<\/h3>\t\t\t\t<\/div>\n\t\t\t\t<\/div>\n\t\t\t\t<div class=\"elementor-element elementor-element-46ce2fa elementor-widget elementor-widget-text-editor\" data-id=\"46ce2fa\" data-element_type=\"widget\" data-e-type=\"widget\" data-widget_type=\"text-editor.default\">\n\t\t\t\t<div class=\"elementor-widget-container\">\n\t\t\t\t\t\t\t\t\t<p>Their finish can include custom graphics, logos, or elegant patterns that enhance the boat&#8217;s image.<\/p>\t\t\t\t\t\t\t\t<\/div>\n\t\t\t\t<\/div>\n\t\t\t\t<\/div>\n\t\t\t\t<\/div>\n\t\t\t\t<\/div>\n\t\t\t\t\t<\/div>\n\t\t\t\t<\/div>\n\t\t\t\t<\/div>\n\t\t<div class=\"elementor-element elementor-element-5965c29 e-con-full e-flex e-con e-parent\" data-id=\"5965c29\" data-element_type=\"container\" data-e-type=\"container\">\n\t\t<div class=\"elementor-element elementor-element-665a1b5 e-flex e-con-boxed e-con e-child\" data-id=\"665a1b5\" data-element_type=\"container\" data-e-type=\"container\" data-settings=\"{&quot;background_background&quot;:&quot;classic&quot;}\">\n\t\t\t\t\t<div class=\"e-con-inner\">\n\t\t<div class=\"elementor-element elementor-element-763990d e-con-full e-flex e-con e-child\" data-id=\"763990d\" data-element_type=\"container\" data-e-type=\"container\">\n\t\t\t\t<div class=\"elementor-element elementor-element-ab1c071 elementor-widget-tablet__width-inherit elementor-widget elementor-widget-text-editor\" data-id=\"ab1c071\" data-element_type=\"widget\" data-e-type=\"widget\" data-widget_type=\"text-editor.default\">\n\t\t\t\t<div class=\"elementor-widget-container\">\n\t\t\t\t\t\t\t\t\t<p>Hundreds of racing boats around the world use SeaDek. With One Design, we make it easy for you. <\/p>\t\t\t\t\t\t\t\t<\/div>\n\t\t\t\t<\/div>\n\t\t\t\t<div class=\"elementor-element elementor-element-26776a4 elementor-widget-tablet__width-inherit elementor-widget elementor-widget-text-editor\" data-id=\"26776a4\" data-element_type=\"widget\" data-e-type=\"widget\" data-widget_type=\"text-editor.default\">\n\t\t\t\t<div class=\"elementor-widget-container\">\n\t\t\t\t\t\t\t\t\t<p>A certified installer will contact you to guide you through the process.<\/p>\t\t\t\t\t\t\t\t<\/div>\n\t\t\t\t<\/div>\n\t\t<div class=\"elementor-element elementor-element-1dadcbc e-con-full e-flex e-con e-child\" data-id=\"1dadcbc\" data-element_type=\"container\" data-e-type=\"container\">\n\t\t\t\t<div class=\"elementor-element elementor-element-0337796 elementor-align-left elementor-widget elementor-widget-the7_button_widget\" data-id=\"0337796\" data-element_type=\"widget\" data-e-type=\"widget\" data-widget_type=\"the7_button_widget.default\">\n\t\t\t\t<div class=\"elementor-widget-container\">\n\t\t\t\t\t<div class=\"elementor-button-wrapper\"><a href=\"#elementor-action%3Aaction%3Dpopup%3Aopen%26settings%3DeyJpZCI6NDIzNzIsInRvZ2dsZSI6ZmFsc2V9\" class=\"box-button elementor-button elementor-size-xl\">Request a Quote<\/a><\/div>\t\t\t\t<\/div>\n\t\t\t\t<\/div>\n\t\t\t\t<div class=\"elementor-element elementor-element-ad0d836 elementor-widget elementor-widget-text-editor\" data-id=\"ad0d836\" data-element_type=\"widget\" data-e-type=\"widget\" data-widget_type=\"text-editor.default\">\n\t\t\t\t<div class=\"elementor-widget-container\">\n\t\t\t\t\t\t\t\t\tCall us:  <a href=\"tel:+34965691335\">+34 965 69 13 35<\/a>\t\t\t\t\t\t\t\t<\/div>\n\t\t\t\t<\/div>\n\t\t\t\t<\/div>\n\t\t\t\t<\/div>\n\t\t<div class=\"elementor-element elementor-element-5ac3776 e-con-full e-flex e-con e-child\" data-id=\"5ac3776\" data-element_type=\"container\" data-e-type=\"container\">\n\t\t\t\t<div class=\"elementor-element elementor-element-4179b2f content-align-right the7-hover-visibility-disabled preserve-img-ratio-cover transform-overlay-yes exceeding-frame-yes elementor-widget elementor-widget-the7-image-widget\" data-id=\"4179b2f\" data-element_type=\"widget\" data-e-type=\"widget\" data-settings=\"{&quot;hover_visibility&quot;:&quot;disabled&quot;}\" data-widget_type=\"the7-image-widget.default\">\n\t\t\t\t<div class=\"elementor-widget-container\">\n\t\t\t\t\t<div class=\"the7-image-container\"><div class=\"the7-image-wrapper the7-elementor-widget the7-transform-container\"><div class=\"post-thumbnail-rollover layzr-bg img-css-resize-wrapper\"><img fetchpriority=\"high\" decoding=\"async\" width=\"2000\" height=\"1333\" src=\"data:image\/svg+xml,%3Csvg%20xmlns%3D&#039;http%3A%2F%2Fwww.w3.org%2F2000%2Fsvg&#039;%20viewBox%3D&#039;0%200%202000%201333&#039;%2F%3E\" class=\"attachment-full size-full preload-me aspect lazy lazy-load\" alt=\"\" sizes=\"(max-width: 2000px) 100vw, 2000px\" style=\"--ratio: 2000 \/ 1333;\" data-src=\"https:\/\/seadek-europe.com\/wp-content\/uploads\/2025\/06\/50608854958_258fb9abbb_o-min.jpg\" loading=\"eager\" data-srcset=\"https:\/\/seadek-europe.com\/wp-content\/uploads\/2025\/06\/50608854958_258fb9abbb_o-min.jpg 2000w, https:\/\/seadek-europe.com\/wp-content\/uploads\/2025\/06\/50608854958_258fb9abbb_o-min-1000x667.jpg 1000w, https:\/\/seadek-europe.com\/wp-content\/uploads\/2025\/06\/50608854958_258fb9abbb_o-min-300x200.jpg 300w, https:\/\/seadek-europe.com\/wp-content\/uploads\/2025\/06\/50608854958_258fb9abbb_o-min-1024x682.jpg 1024w, https:\/\/seadek-europe.com\/wp-content\/uploads\/2025\/06\/50608854958_258fb9abbb_o-min-768x512.jpg 768w, https:\/\/seadek-europe.com\/wp-content\/uploads\/2025\/06\/50608854958_258fb9abbb_o-min-1536x1024.jpg 1536w\" \/><\/div><\/div><\/div>\t\t\t\t<\/div>\n\t\t\t\t<\/div>\n\t\t\t\t<\/div>\n\t\t\t\t\t<\/div>\n\t\t\t\t<\/div>\n\t\t\t\t<\/div>\n\t\t\t\t<\/div>\n\t\t","protected":false},"excerpt":{"rendered":"<p>Kits SeaDek\u00ae &#8211; One Design Consulta la lista de clases de One Design a continuaci\u00f3n o cont\u00e1ctanos para saber c\u00f3mo podemos crear soluciones personalizadas para tu embarcaci\u00f3n Specially designed for you Improve grip, comfort, and aesthetics with our EVA foam protection systems, prepared to withstand the most demanding conditions in training and regattas. Specific Design&hellip;<\/p>\n","protected":false},"author":1,"featured_media":0,"parent":0,"menu_order":2,"comment_status":"closed","ping_status":"closed","template":"elementor_header_footer","meta":{"_joinchat":[],"footnotes":""},"class_list":["post-41962","page","type-page","status-publish","hentry"],"_links":{"self":[{"href":"https:\/\/seadek-europe.com\/en\/wp-json\/wp\/v2\/pages\/41962","targetHints":{"allow":["GET"]}}],"collection":[{"href":"https:\/\/seadek-europe.com\/en\/wp-json\/wp\/v2\/pages"}],"about":[{"href":"https:\/\/seadek-europe.com\/en\/wp-json\/wp\/v2\/types\/page"}],"author":[{"embeddable":true,"href":"https:\/\/seadek-europe.com\/en\/wp-json\/wp\/v2\/users\/1"}],"replies":[{"embeddable":true,"href":"https:\/\/seadek-europe.com\/en\/wp-json\/wp\/v2\/comments?post=41962"}],"version-history":[{"count":3,"href":"https:\/\/seadek-europe.com\/en\/wp-json\/wp\/v2\/pages\/41962\/revisions"}],"predecessor-version":[{"id":43359,"href":"https:\/\/seadek-europe.com\/en\/wp-json\/wp\/v2\/pages\/41962\/revisions\/43359"}],"wp:attachment":[{"href":"https:\/\/seadek-europe.com\/en\/wp-json\/wp\/v2\/media?parent=41962"}],"curies":[{"name":"wp","href":"https:\/\/api.w.org\/{rel}","templated":true}]}}