{"id":42184,"date":"2021-10-01T13:01:38","date_gmt":"2021-10-01T13:01:38","guid":{"rendered":"https:\/\/seadek-europe.com\/terms-and-conditions\/"},"modified":"2025-09-02T14:51:04","modified_gmt":"2025-09-02T14:51:04","slug":"terms-and-conditions","status":"publish","type":"page","link":"https:\/\/seadek-europe.com\/en\/terms-and-conditions\/","title":{"rendered":"Terms and Conditions"},"content":{"rendered":"\t\t<div data-elementor-type=\"wp-page\" data-elementor-id=\"42184\" class=\"elementor elementor-42184 elementor-5475\" data-elementor-post-type=\"page\">\n\t\t\t\t<div class=\"elementor-element elementor-element-f366426 e-flex e-con-boxed e-con e-parent\" data-id=\"f366426\" data-element_type=\"container\" data-e-type=\"container\">\n\t\t\t\t\t<div class=\"e-con-inner\">\n\t\t\t\t<div class=\"elementor-element elementor-element-2a890ce elementor-widget elementor-widget-text-editor\" data-id=\"2a890ce\" data-element_type=\"widget\" data-e-type=\"widget\" data-widget_type=\"text-editor.default\">\n\t\t\t\t<div class=\"elementor-widget-container\">\n\t\t\t\t\t\t\t\t\t<p data-start=\"2341\" data-end=\"2541\"> <\/p><h2 data-start=\"226\" data-end=\"243\">LEGAL NOTICE<\/h2><p data-start=\"245\" data-end=\"271\"><strong data-start=\"245\" data-end=\"271\">1. General information<\/strong><\/p><p data-start=\"273\" data-end=\"500\">In compliance with the duty of information contained in Article 10 of Law 34\/2002, of July 11, on services of the information society and electronic commerce (LSSI-CE), the following information is provided:<\/p><ul data-start=\"502\" data-end=\"785\"><li data-start=\"502\" data-end=\"555\"><p data-start=\"504\" data-end=\"555\"><strong data-start=\"504\" data-end=\"515\">Owner<\/strong>: Cubiertas N\u00e1uticas Espumadas, S.L.U.<\/p><\/li><li data-start=\"556\" data-end=\"578\"><p data-start=\"558\" data-end=\"578\"><strong data-start=\"558\" data-end=\"565\">Tax ID<\/strong>: B72592819<\/p><\/li><li data-start=\"579\" data-end=\"670\"><p data-start=\"581\" data-end=\"670\"><strong data-start=\"581\" data-end=\"601\">Registered office<\/strong>: Calle Caucho, 13, 03690 San Vicente del Raspeig, Alicante, Spain<\/p><\/li><li data-start=\"671\" data-end=\"726\"><p data-start=\"673\" data-end=\"726\"><strong data-start=\"673\" data-end=\"707\">Contact email<\/strong>: [aqu\u00ed tu email]<\/p><\/li><li data-start=\"727\" data-end=\"785\"><p data-start=\"729\" data-end=\"785\"><strong data-start=\"729\" data-end=\"753\">Contact telephone<\/strong>: [aqu\u00ed tu n\u00famero de tel\u00e9fono]<\/p><\/li><\/ul><p data-start=\"787\" data-end=\"828\"><strong data-start=\"787\" data-end=\"828\">2. Intellectual and industrial property<\/strong><\/p><p data-start=\"830\" data-end=\"1178\">All the contents of the website, including texts, images, designs, logos, videos, software, source codes, etc., are the property of Cubiertas N\u00e1uticas Espumadas SLU or third parties with whom the corresponding rights have been acquired, and are protected by current legislation on intellectual and industrial property.<\/p><p data-start=\"1180\" data-end=\"1359\">The reproduction, distribution, transformation or public communication, total or partial, of the contents of this website without the express authorization of the owner is prohibited.<\/p><p data-start=\"1361\" data-end=\"1383\"><strong data-start=\"1361\" data-end=\"1383\">3. Responsibility<\/strong><\/p><p data-start=\"1385\" data-end=\"1676\">Cubiertas N\u00e1uticas Espumadas SLU is not responsible for the misuse that users may make of the website or the external content linked from it. The absence of viruses or other elements that may cause damage to the user&#8217;s computer systems is not guaranteed. <\/p><p data-start=\"1678\" data-end=\"1715\"><strong data-start=\"1678\" data-end=\"1715\">4. Protection of personal data<\/strong><\/p><p data-start=\"1717\" data-end=\"1919\">The processing of personal data is carried out in accordance with Regulation (EU) 2016\/679 (GDPR) and Organic Law 3\/2018 (LOPDGDD). You can consult all the details in our [Privacy Policy]. <\/p><p data-start=\"1921\" data-end=\"1949\"><strong data-start=\"1921\" data-end=\"1949\">5. Applicable legislation<\/strong><\/p><p data-start=\"1951\" data-end=\"2140\">This legal notice is governed by Spanish law. For the resolution of any conflict, the parties will submit to the courts and tribunals of the domicile of the owner of the website. <\/p>\t\t\t\t\t\t\t\t<\/div>\n\t\t\t\t<\/div>\n\t\t\t\t\t<\/div>\n\t\t\t\t<\/div>\n\t\t\t\t<\/div>\n\t\t","protected":false},"excerpt":{"rendered":"<p>LEGAL NOTICE 1. General information In compliance with the duty of information contained in Article 10 of Law 34\/2002, of July 11, on services of the information society and electronic commerce (LSSI-CE), the following information is provided: Owner: Cubiertas N\u00e1uticas Espumadas, S.L.U. Tax ID: B72592819 Registered office: Calle Caucho, 13, 03690 San Vicente del Raspeig,&hellip;<\/p>\n","protected":false},"author":1,"featured_media":0,"parent":0,"menu_order":70,"comment_status":"closed","ping_status":"closed","template":"","meta":{"_joinchat":[],"footnotes":""},"class_list":["post-42184","page","type-page","status-publish","hentry"],"_links":{"self":[{"href":"https:\/\/seadek-europe.com\/en\/wp-json\/wp\/v2\/pages\/42184","targetHints":{"allow":["GET"]}}],"collection":[{"href":"https:\/\/seadek-europe.com\/en\/wp-json\/wp\/v2\/pages"}],"about":[{"href":"https:\/\/seadek-europe.com\/en\/wp-json\/wp\/v2\/types\/page"}],"author":[{"embeddable":true,"href":"https:\/\/seadek-europe.com\/en\/wp-json\/wp\/v2\/users\/1"}],"replies":[{"embeddable":true,"href":"https:\/\/seadek-europe.com\/en\/wp-json\/wp\/v2\/comments?post=42184"}],"version-history":[{"count":0,"href":"https:\/\/seadek-europe.com\/en\/wp-json\/wp\/v2\/pages\/42184\/revisions"}],"wp:attachment":[{"href":"https:\/\/seadek-europe.com\/en\/wp-json\/wp\/v2\/media?parent=42184"}],"curies":[{"name":"wp","href":"https:\/\/api.w.org\/{rel}","templated":true}]}}